{"id":112,"date":"2013-06-02T21:55:18","date_gmt":"2013-06-02T19:55:18","guid":{"rendered":"http:\/\/col-art.ch\/?page_id=112"},"modified":"2014-06-16T15:51:25","modified_gmt":"2014-06-16T13:51:25","slug":"in-den-medien","status":"publish","type":"page","link":"http:\/\/col-art.ch\/?page_id=112","title":{"rendered":"in den Medien"},"content":{"rendered":"<p>Nordwestschweiz, Kultursalon will Col-Art zu Comeback verhelfen, VON FRANZISKA SCH\u00c4DEL (TEXT UND FOTO)<br \/>\n<a href=\"http:\/\/col-art.ch\/wp-content\/uploads\/Artikel_Limmattaler_Zeitung _28.4.2014.pdf\">Dietikon Regula Heinzelmann lud Vertreter der 1968 in Z\u00fcrich gegr\u00fcndeten Kunstrichtung in ihre Stube ein<\/a><\/p>\n<p>Holiday event, Das Freizeitmagazin f\u00fcr Bayerns S\u00fcden, <a href=\"http:\/\/col-art.ch\/wp-content\/uploads\/Holiday-Event-Magazin-Col-Art.pdf\">Holiday Event Magazin Col Art.PDF<\/a>, <a href=\"http:\/\/www.holiday-event.de\/col-art\" target=\"_blank\">Link&#8230;<\/a><\/p>\n<p>Kanaren Express, Kanarische Inseln, <a href=\"http:\/\/col-art.ch\/wp-content\/uploads\/kanaren_express_027-colart.pdf\">kanaren_express_027-colart.PDF<\/a><\/p>\n<p>Kanaren Express, Kanarische Inseln,\u00a0<a href=\"http:\/\/www.kanarenexpress.com\/1000003\/1000005\/0\/33819\/bild_rep.html\" target=\"_blank\">Link&#8230;<\/a><\/p>\n","protected":false},"excerpt":{"rendered":"<p>Nordwestschweiz, Kultursalon will Col-Art zu Comeback verhelfen, VON FRANZISKA SCH\u00c4DEL (TEXT UND FOTO) Dietikon Regula Heinzelmann lud Vertreter der 1968 in Z\u00fcrich gegr\u00fcndeten Kunstrichtung in ihre Stube ein Holiday event, Das Freizeitmagazin f\u00fcr Bayerns S\u00fcden, Holiday Event Magazin Col Art.PDF, Link&#8230; Kanaren Express, Kanarische Inseln, kanaren_express_027-colart.PDF Kanaren Express, Kanarische Inseln,\u00a0Link&#8230;<\/p>\n","protected":false},"author":2,"featured_media":0,"parent":36,"menu_order":1,"comment_status":"closed","ping_status":"closed","template":"","meta":[],"_links":{"self":[{"href":"http:\/\/col-art.ch\/index.php?rest_route=\/wp\/v2\/pages\/112"}],"collection":[{"href":"http:\/\/col-art.ch\/index.php?rest_route=\/wp\/v2\/pages"}],"about":[{"href":"http:\/\/col-art.ch\/index.php?rest_route=\/wp\/v2\/types\/page"}],"author":[{"embeddable":true,"href":"http:\/\/col-art.ch\/index.php?rest_route=\/wp\/v2\/users\/2"}],"replies":[{"embeddable":true,"href":"http:\/\/col-art.ch\/index.php?rest_route=%2Fwp%2Fv2%2Fcomments&post=112"}],"version-history":[{"count":38,"href":"http:\/\/col-art.ch\/index.php?rest_route=\/wp\/v2\/pages\/112\/revisions"}],"predecessor-version":[{"id":556,"href":"http:\/\/col-art.ch\/index.php?rest_route=\/wp\/v2\/pages\/112\/revisions\/556"}],"up":[{"embeddable":true,"href":"http:\/\/col-art.ch\/index.php?rest_route=\/wp\/v2\/pages\/36"}],"wp:attachment":[{"href":"http:\/\/col-art.ch\/index.php?rest_route=%2Fwp%2Fv2%2Fmedia&parent=112"}],"curies":[{"name":"wp","href":"https:\/\/api.w.org\/{rel}","templated":true}]}}