{"id":56,"date":"2013-05-28T22:17:17","date_gmt":"2013-05-28T20:17:17","guid":{"rendered":"http:\/\/col-art.ch\/?page_id=56"},"modified":"2016-08-15T21:38:30","modified_gmt":"2016-08-15T19:38:30","slug":"publikationen","status":"publish","type":"page","link":"http:\/\/col-art.ch\/?page_id=56","title":{"rendered":"Publikationen"},"content":{"rendered":"<p><strong>Unsere Col-Art B\u00fccher:<\/strong><\/p>\n<p><a href=\"http:\/\/col-art.ch\/wp-content\/uploads\/40Jahrecolart.jpg\"><img loading=\"lazy\" class=\"alignnone size-full wp-image-108\" alt=\"40Jahrecolart\" src=\"http:\/\/col-art.ch\/wp-content\/uploads\/40Jahrecolart.jpg\" width=\"149\" height=\"209\" \/><\/a><\/p>\n<p>Unser Buch \u201e 40 JAHRE COL-ART, koordinierte Kollektivkunst\u201c<br \/>\nEs ist 2008 im Col-Verlag, Biel-Bienne, erschienen, hat 170 Seiten und zahlreiche Farbabbildungen. Verfasst von Marc Kuhn auf DEUTSCH &amp; FRANZ\u00f6SISCH.<br \/>\nEs kostet 20.- Euro \/ 25.- Sfr. (+ Versandkosten)<br \/>\nAus dem Inhaltsverzeichnis:<br \/>\n-Gemeinschaftskunst ist uralt, -Wie und wieso es zu Col-Art kam, -Das Col-Manifest, -1969: Erste Publikumsaktionen, -Col-Art in -PARIS, -BASEL, -WINTERTHUR, -M\u00fcNCHEN, -MAILAND, -NEW YORK, -MEXICO CITY, -GENF, -BIEL-BIENNE, -an der ETH in Z\u00fcRICH, -in K\u00f6LN, -FRANKFURT, -HANNOVER&#8230;-Kassel: JOSEF BEUYS macht bei Col-Art mit, -Die Col-St\u00e4dtedrucke, -3 Stunden Col im Fernsehen (WDR), -Col in -D\u00fcsseldorf, -auf Wangerooge, in -Salzburg, -Freiburg -i.Br., -Strassburg, auf -Mallorca, in -Oberammergau, -1975: Das Col-Aktionsbuch (Ravensburger), 1976: Spiele ohne Sieger (Ravensburger), 1977: Das erste Col-Ausbildungsseminar, -ab 1981 die B\u00fccher Schl\u00fcsselerlebnisse 1, 2, 3, 4&#8230;, 1985: Erste Nummer von GEMEINSAM, 1986: Das Buch FINDE DEINEN WEG, &#8230;&#8230;.2005 &amp; 2006: Col-Art in -Tepoztlan, -Mexico City, -Zweibr\u00fccken, -Mainz, -Berlin, -Ba- sel, -Bern, auf \u2013Teneriffa, -Wachsende Col-Art-Bilder, -Col-Art &amp; die UNO, u.s.w.<\/p>\n<p><a href=\"http:\/\/col-art.ch\/wp-content\/uploads\/ArteCol-red.jpg\"><img loading=\"lazy\" class=\"alignnone size-medium wp-image-110\" alt=\"ArteCol-red\" src=\"http:\/\/col-art.ch\/wp-content\/uploads\/ArteCol-red-235x300.jpg\" width=\"235\" height=\"300\" srcset=\"http:\/\/col-art.ch\/wp-content\/uploads\/ArteCol-red-235x300.jpg 235w, http:\/\/col-art.ch\/wp-content\/uploads\/ArteCol-red.jpg 742w\" sizes=\"(max-width: 235px) 100vw, 235px\" \/><\/a><br \/>\nUnser Buch \u201eArte Col \u2013 das Zusammenfliessen kreativer Freiheiten\u201c erschien 2012 im Verlag LA CARTONERA in Cuernavaca, Mexico. Es ist auf spanisch ver- fasst und hat 110 Seiten. Es wurde geschrieben von Marc Kuhn, gemeinsam mit seiner mexikanischen Gattin Rossana Duran, sowie Freunden in Europa und Lateinamerika. Jeder Umschlag ist ein einmaliges Kunstwerk, gestaltet von Kunstschaffenden in Cuernavaca. Preis: 25.- E. \/ 30.- Sfr. (+ Versandkosten)<\/p>\n<p><strong>Publikationen in Zeitungen und Zeitschriften:<\/strong><\/p>\n<p>Von Inox Kapell, Berlin<br \/>\n<embed src=\"http:\/\/col-art.ch\/wp-content\/uploads\/Inox_kapell.pdf\" width=\"120%\" height=\"850\" > <\/p>\n","protected":false},"excerpt":{"rendered":"<p>Unsere Col-Art B\u00fccher: Unser Buch \u201e 40 JAHRE COL-ART, koordinierte Kollektivkunst\u201c Es ist 2008 im Col-Verlag, Biel-Bienne, erschienen, hat 170 Seiten und zahlreiche Farbabbildungen. Verfasst von Marc Kuhn auf DEUTSCH &amp; FRANZ\u00f6SISCH. Es kostet 20.- Euro \/ 25.- Sfr. (+ Versandkosten) Aus dem Inhaltsverzeichnis: -Gemeinschaftskunst ist uralt, -Wie und wieso es zu Col-Art kam, -Das [&hellip;]<\/p>\n","protected":false},"author":1,"featured_media":0,"parent":0,"menu_order":7,"comment_status":"closed","ping_status":"closed","template":"","meta":[],"_links":{"self":[{"href":"http:\/\/col-art.ch\/index.php?rest_route=\/wp\/v2\/pages\/56"}],"collection":[{"href":"http:\/\/col-art.ch\/index.php?rest_route=\/wp\/v2\/pages"}],"about":[{"href":"http:\/\/col-art.ch\/index.php?rest_route=\/wp\/v2\/types\/page"}],"author":[{"embeddable":true,"href":"http:\/\/col-art.ch\/index.php?rest_route=\/wp\/v2\/users\/1"}],"replies":[{"embeddable":true,"href":"http:\/\/col-art.ch\/index.php?rest_route=%2Fwp%2Fv2%2Fcomments&post=56"}],"version-history":[{"count":18,"href":"http:\/\/col-art.ch\/index.php?rest_route=\/wp\/v2\/pages\/56\/revisions"}],"predecessor-version":[{"id":982,"href":"http:\/\/col-art.ch\/index.php?rest_route=\/wp\/v2\/pages\/56\/revisions\/982"}],"wp:attachment":[{"href":"http:\/\/col-art.ch\/index.php?rest_route=%2Fwp%2Fv2%2Fmedia&parent=56"}],"curies":[{"name":"wp","href":"https:\/\/api.w.org\/{rel}","templated":true}]}}